{"id":599,"date":"2018-08-20T12:22:38","date_gmt":"2018-08-20T16:22:38","guid":{"rendered":"https:\/\/osstfbenefits.ca\/terms-of-use-privacy\/"},"modified":"2018-10-30T14:35:38","modified_gmt":"2018-10-30T18:35:38","slug":"conditions-dutilisation-et-politique-de-confidentialite","status":"publish","type":"page","link":"https:\/\/www.osstfbenefits.ca\/fr\/conditions-dutilisation-et-politique-de-confidentialite\/","title":{"rendered":"Conditions d\u2019utilisation et politique de confidentialit\u00e9"},"content":{"rendered":"<h2>D\u00e9claration de confidentialit\u00e9 de la FSSBE d\u2019OSSTF\/FEESO<\/h2>\n<p>La Fiducie de soins de sant\u00e9 au b\u00e9n\u00e9fice d\u2019employ\u00e9s de la F\u00e9d\u00e9ration des enseignantes-enseignants des \u00e9coles secondaires de l\u2019Ontario (FSSBE d\u2019OSSTF\/FEESO) s\u2019engage \u00e0 respecter la confidentialit\u00e9 de vos donn\u00e9es personnelles. Les renseignements recueillis sont strictement pour l\u2019utilisation de la FSSBE d\u2019OSSTF\/FEESO.<\/p>\n<h2>Utilisation du mat\u00e9riel du site de la FSSBE d\u2019OSSTF\/FEESO<\/h2>\n<p>Vous pouvez consulter, t\u00e9l\u00e9charger, citer et (ou) imprimer des pages de tout site Web sur ce portail gratuitement, \u00e0 la condition que vous respectiez les conditions suivantes\u00a0:<\/p>\n<ol>\n<li>Vous utilisez le contenu \u00e0 des fins \u00e9ducatives, personnelles ou non commerciales seulement.<\/li>\n<li>Vous adh\u00e9rez \u00e0 n\u2019importe lesquelles modalit\u00e9s ou restrictions s\u2019appliquant aux monographies, aux publications ou aux de bases de donn\u00e9es de tiers (p. ex., EBSCO), ou \u00e0 d\u2019autres mat\u00e9riels publi\u00e9s sur n\u2019importe quel site Web de ce portail.<\/li>\n<li>Vous ne modifiez d\u2019aucune fa\u00e7on le contenu du site.<\/li>\n<li>Vous vous assurez que les avis de droit d\u2019auteur et que l\u2019adresse compl\u00e8te du site Web (URL) apparaissent sur toute page que vous imprimez et distribuez ou, dans le cas d\u2019une citation, de fournir une source de r\u00e9f\u00e9rence.<\/li>\n<\/ol>\n<p>La reproduction de tout contenu de ce site Web \u00e0 des fins commerciales exige le consentement par \u00e9crit de la FSSBE d\u2019OSSTF\/FEESO. Les demandes de reproduction \u00e0 des fins commerciales doivent \u00eatre achemin\u00e9es \u00e0 Donna Morrison, directrice g\u00e9n\u00e9rale au <a href=\"mailto:donna.morrison@osstfbenefits.ca\">donna.morrison@osstfbenefits.ca<\/a>.<\/p>\n<h3>Liens aux pages\/sites du portail de la FSSBE d\u2019OSSTF\/FEESO<\/h3>\n<p>Vous pouvez en tout temps afficher un lien \u00e0 une page ou au site du portail de la FSSBE d\u2019OSSTF\/FEESO sans nous en aviser ou demander de permission. Les liens doivent \u00eatre attribu\u00e9s \u00e0 la FSSBE d\u2019OSSTF\/FEESO. Afin de nous aider \u00e0 mieux servir nos membres et \u00e0 maintenir des dossiers exacts, nous souhaiterions \u00eatre avis\u00e9s de tout lien que vous cr\u00e9ez sur nos sites.<\/p>\n<p>Envoyez un courriel \u00e0 <a href=\"mailto:donna.morrison@osstfbenefits.ca\">donna.morrison@osstfbenefits.ca<\/a> lorsque vous cr\u00e9ez des liens vers notre site, nous avisant d\u2019o\u00f9 vous cr\u00e9ez le lien. Nous garderons la confidentialit\u00e9 des renseignements concernant ceux qui cr\u00e9ent des liens vers notre site.<\/p>\n<h3>Suivre des liens \u00e0 des sites Web de tiers<\/h3>\n<p>Certaines pages sur notre site Web contiennent des liens vers des sites Web de tiers. Ces liens vous sont fournis \u00e0 titre d\u2019information et de commodit\u00e9 seulement. La pr\u00e9sence d\u2019un lien n\u2019implique aucunement que la FSSBE d\u2019OSSTF\/FEESO est d\u2019accord avec l\u2019organisation responsable d\u2019avoir cr\u00e9\u00e9 le site Web ou avec les opinions qui y sont exprim\u00e9es.<\/p>\n","protected":false},"excerpt":{"rendered":"<p>D\u00e9claration de confidentialit\u00e9 de la FSSBE d\u2019OSSTF\/FEESO La Fiducie de soins de sant\u00e9 au b\u00e9n\u00e9fice d\u2019employ\u00e9s de la F\u00e9d\u00e9ration des enseignantes-enseignants des \u00e9coles secondaires de l\u2019Ontario (FSSBE d\u2019OSSTF\/FEESO) s\u2019engage \u00e0 respecter la confidentialit\u00e9 de vos donn\u00e9es personnelles. Les renseignements recueillis sont strictement pour l\u2019utilisation de la FSSBE d\u2019OSSTF\/FEESO. Utilisation du mat\u00e9riel du site de la [&hellip;]<\/p>\n<p><a class=\"read-more\" href=\"https:\/\/www.osstfbenefits.ca\/fr\/conditions-dutilisation-et-politique-de-confidentialite\/\" title=\"Conditions d\u2019utilisation et politique de confidentialit\u00e9\" aria-label=\"Conditions d\u2019utilisation et politique de confidentialit\u00e9\">En lire plus<span aria-hidden=\"true\"> &gt;<\/span><\/a><\/p>\n","protected":false},"author":1,"featured_media":0,"parent":0,"menu_order":100,"comment_status":"closed","ping_status":"closed","template":"","meta":{"_acf_changed":false,"_relevanssi_hide_post":"","_relevanssi_hide_content":"","_relevanssi_pin_for_all":"","_relevanssi_pin_keywords":"","_relevanssi_unpin_keywords":"","_relevanssi_related_keywords":"","_relevanssi_related_include_ids":"","_relevanssi_related_exclude_ids":"","_relevanssi_related_no_append":"","_relevanssi_related_not_related":"","_relevanssi_related_posts":"","_relevanssi_noindex_reason":"","footnotes":""},"class_list":["post-599","page","type-page","status-publish","hentry"],"acf":[],"yoast_head":"<!-- This site is optimized with the Yoast SEO plugin v27.4 - https:\/\/yoast.com\/product\/yoast-seo-wordpress\/ -->\n<title>Conditions d\u2019utilisation et politique de confidentialit\u00e9 - OSSTF Benefits<\/title>\n<meta name=\"robots\" content=\"index, follow, max-snippet:-1, max-image-preview:large, max-video-preview:-1\" \/>\n<link rel=\"canonical\" href=\"https:\/\/www.osstfbenefits.ca\/fr\/conditions-dutilisation-et-politique-de-confidentialite\/\" \/>\n<meta property=\"og:locale\" content=\"fr_FR\" \/>\n<meta property=\"og:type\" content=\"article\" \/>\n<meta property=\"og:title\" content=\"Conditions d\u2019utilisation et politique de confidentialit\u00e9 - OSSTF Benefits\" \/>\n<meta property=\"og:description\" content=\"D\u00e9claration de confidentialit\u00e9 de la FSSBE d\u2019OSSTF\/FEESO La Fiducie de soins de sant\u00e9 au b\u00e9n\u00e9fice d\u2019employ\u00e9s de la F\u00e9d\u00e9ration des enseignantes-enseignants des \u00e9coles secondaires de l\u2019Ontario (FSSBE d\u2019OSSTF\/FEESO) s\u2019engage \u00e0 respecter la confidentialit\u00e9 de vos donn\u00e9es personnelles. Les renseignements recueillis sont strictement pour l\u2019utilisation de la FSSBE d\u2019OSSTF\/FEESO. Utilisation du mat\u00e9riel du site de la [&hellip;]En lire plus &gt;\" \/>\n<meta property=\"og:url\" content=\"https:\/\/www.osstfbenefits.ca\/fr\/conditions-dutilisation-et-politique-de-confidentialite\/\" \/>\n<meta property=\"og:site_name\" content=\"OSSTF Benefits\" \/>\n<meta property=\"article:modified_time\" content=\"2018-10-30T18:35:38+00:00\" \/>\n<meta name=\"twitter:card\" content=\"summary_large_image\" \/>\n<meta name=\"twitter:label1\" content=\"Dur\u00e9e de lecture estim\u00e9e\" \/>\n\t<meta name=\"twitter:data1\" content=\"2 minutes\" \/>\n<script type=\"application\/ld+json\" class=\"yoast-schema-graph\">{\"@context\":\"https:\\\/\\\/schema.org\",\"@graph\":[{\"@type\":\"WebPage\",\"@id\":\"https:\\\/\\\/www.osstfbenefits.ca\\\/fr\\\/conditions-dutilisation-et-politique-de-confidentialite\\\/\",\"url\":\"https:\\\/\\\/www.osstfbenefits.ca\\\/fr\\\/conditions-dutilisation-et-politique-de-confidentialite\\\/\",\"name\":\"Conditions d\u2019utilisation et politique de confidentialit\u00e9 - OSSTF Benefits\",\"isPartOf\":{\"@id\":\"https:\\\/\\\/www.osstfbenefits.ca\\\/fr\\\/#website\"},\"datePublished\":\"2018-08-20T16:22:38+00:00\",\"dateModified\":\"2018-10-30T18:35:38+00:00\",\"breadcrumb\":{\"@id\":\"https:\\\/\\\/www.osstfbenefits.ca\\\/fr\\\/conditions-dutilisation-et-politique-de-confidentialite\\\/#breadcrumb\"},\"inLanguage\":\"fr-FR\",\"potentialAction\":[{\"@type\":\"ReadAction\",\"target\":[\"https:\\\/\\\/www.osstfbenefits.ca\\\/fr\\\/conditions-dutilisation-et-politique-de-confidentialite\\\/\"]}]},{\"@type\":\"BreadcrumbList\",\"@id\":\"https:\\\/\\\/www.osstfbenefits.ca\\\/fr\\\/conditions-dutilisation-et-politique-de-confidentialite\\\/#breadcrumb\",\"itemListElement\":[{\"@type\":\"ListItem\",\"position\":1,\"name\":\"Home\",\"item\":\"https:\\\/\\\/www.osstfbenefits.ca\\\/fr\\\/\"},{\"@type\":\"ListItem\",\"position\":2,\"name\":\"Conditions d\u2019utilisation et politique de confidentialit\u00e9\"}]},{\"@type\":\"WebSite\",\"@id\":\"https:\\\/\\\/www.osstfbenefits.ca\\\/fr\\\/#website\",\"url\":\"https:\\\/\\\/www.osstfbenefits.ca\\\/fr\\\/\",\"name\":\"OSSTF Benefits\",\"description\":\"F\u00e9d\u00e9ration des enseignantes-enseignants des \u00e9coles secondaires de l&#039;Ontario benefits\",\"potentialAction\":[{\"@type\":\"SearchAction\",\"target\":{\"@type\":\"EntryPoint\",\"urlTemplate\":\"https:\\\/\\\/www.osstfbenefits.ca\\\/fr\\\/?s={search_term_string}\"},\"query-input\":{\"@type\":\"PropertyValueSpecification\",\"valueRequired\":true,\"valueName\":\"search_term_string\"}}],\"inLanguage\":\"fr-FR\"}]}<\/script>\n<!-- \/ Yoast SEO plugin. -->","yoast_head_json":{"title":"Conditions d\u2019utilisation et politique de confidentialit\u00e9 - OSSTF Benefits","robots":{"index":"index","follow":"follow","max-snippet":"max-snippet:-1","max-image-preview":"max-image-preview:large","max-video-preview":"max-video-preview:-1"},"canonical":"https:\/\/www.osstfbenefits.ca\/fr\/conditions-dutilisation-et-politique-de-confidentialite\/","og_locale":"fr_FR","og_type":"article","og_title":"Conditions d\u2019utilisation et politique de confidentialit\u00e9 - OSSTF Benefits","og_description":"D\u00e9claration de confidentialit\u00e9 de la FSSBE d\u2019OSSTF\/FEESO La Fiducie de soins de sant\u00e9 au b\u00e9n\u00e9fice d\u2019employ\u00e9s de la F\u00e9d\u00e9ration des enseignantes-enseignants des \u00e9coles secondaires de l\u2019Ontario (FSSBE d\u2019OSSTF\/FEESO) s\u2019engage \u00e0 respecter la confidentialit\u00e9 de vos donn\u00e9es personnelles. Les renseignements recueillis sont strictement pour l\u2019utilisation de la FSSBE d\u2019OSSTF\/FEESO. Utilisation du mat\u00e9riel du site de la [&hellip;]En lire plus &gt;","og_url":"https:\/\/www.osstfbenefits.ca\/fr\/conditions-dutilisation-et-politique-de-confidentialite\/","og_site_name":"OSSTF Benefits","article_modified_time":"2018-10-30T18:35:38+00:00","twitter_card":"summary_large_image","twitter_misc":{"Dur\u00e9e de lecture estim\u00e9e":"2 minutes"},"schema":{"@context":"https:\/\/schema.org","@graph":[{"@type":"WebPage","@id":"https:\/\/www.osstfbenefits.ca\/fr\/conditions-dutilisation-et-politique-de-confidentialite\/","url":"https:\/\/www.osstfbenefits.ca\/fr\/conditions-dutilisation-et-politique-de-confidentialite\/","name":"Conditions d\u2019utilisation et politique de confidentialit\u00e9 - OSSTF Benefits","isPartOf":{"@id":"https:\/\/www.osstfbenefits.ca\/fr\/#website"},"datePublished":"2018-08-20T16:22:38+00:00","dateModified":"2018-10-30T18:35:38+00:00","breadcrumb":{"@id":"https:\/\/www.osstfbenefits.ca\/fr\/conditions-dutilisation-et-politique-de-confidentialite\/#breadcrumb"},"inLanguage":"fr-FR","potentialAction":[{"@type":"ReadAction","target":["https:\/\/www.osstfbenefits.ca\/fr\/conditions-dutilisation-et-politique-de-confidentialite\/"]}]},{"@type":"BreadcrumbList","@id":"https:\/\/www.osstfbenefits.ca\/fr\/conditions-dutilisation-et-politique-de-confidentialite\/#breadcrumb","itemListElement":[{"@type":"ListItem","position":1,"name":"Home","item":"https:\/\/www.osstfbenefits.ca\/fr\/"},{"@type":"ListItem","position":2,"name":"Conditions d\u2019utilisation et politique de confidentialit\u00e9"}]},{"@type":"WebSite","@id":"https:\/\/www.osstfbenefits.ca\/fr\/#website","url":"https:\/\/www.osstfbenefits.ca\/fr\/","name":"OSSTF Benefits","description":"F\u00e9d\u00e9ration des enseignantes-enseignants des \u00e9coles secondaires de l&#039;Ontario benefits","potentialAction":[{"@type":"SearchAction","target":{"@type":"EntryPoint","urlTemplate":"https:\/\/www.osstfbenefits.ca\/fr\/?s={search_term_string}"},"query-input":{"@type":"PropertyValueSpecification","valueRequired":true,"valueName":"search_term_string"}}],"inLanguage":"fr-FR"}]}},"_links":{"self":[{"href":"https:\/\/www.osstfbenefits.ca\/fr\/wp-json\/wp\/v2\/pages\/599","targetHints":{"allow":["GET"]}}],"collection":[{"href":"https:\/\/www.osstfbenefits.ca\/fr\/wp-json\/wp\/v2\/pages"}],"about":[{"href":"https:\/\/www.osstfbenefits.ca\/fr\/wp-json\/wp\/v2\/types\/page"}],"author":[{"embeddable":true,"href":"https:\/\/www.osstfbenefits.ca\/fr\/wp-json\/wp\/v2\/users\/1"}],"replies":[{"embeddable":true,"href":"https:\/\/www.osstfbenefits.ca\/fr\/wp-json\/wp\/v2\/comments?post=599"}],"version-history":[{"count":6,"href":"https:\/\/www.osstfbenefits.ca\/fr\/wp-json\/wp\/v2\/pages\/599\/revisions"}],"predecessor-version":[{"id":820,"href":"https:\/\/www.osstfbenefits.ca\/fr\/wp-json\/wp\/v2\/pages\/599\/revisions\/820"}],"wp:attachment":[{"href":"https:\/\/www.osstfbenefits.ca\/fr\/wp-json\/wp\/v2\/media?parent=599"}],"curies":[{"name":"wp","href":"https:\/\/api.w.org\/{rel}","templated":true}]}}