{"id":596,"date":"2018-08-20T11:27:11","date_gmt":"2018-08-20T15:27:11","guid":{"rendered":"https:\/\/osstfbenefits.ca\/our-board\/"},"modified":"2026-03-30T16:59:39","modified_gmt":"2026-03-30T20:59:39","slug":"notre-conseil","status":"publish","type":"page","link":"https:\/\/www.osstfbenefits.ca\/fr\/notre-conseil\/","title":{"rendered":"Notre conseil"},"content":{"rendered":"<h2>FIDUCIAIRES D\u2019OSSTF BENEFITS<\/h2>\n<p>Le conseil d\u2019administration de la Fiducie de la FSSBE compte neuf membres votant responsables du fonctionnement du r\u00e9gime et d\u2019assurer sa viabilit\u00e9 financi\u00e8re. Cinq membres sont nomm\u00e9s par la OSSTF\/FEESO, deux sont nomm\u00e9s par l\u2019Ontario Public School Board\u2019s Association (OPSBA) et deux par la Couronne. Le mandat de chaque fiduciaire est d\u2019un minimum de trois ans, lequel peut \u00eatre renouvel\u00e9 deux fois pour un mandat maximum de neuf ans.<\/p>\n<p>Voir aussi <a href=\"https:\/\/www.osstfbenefits.ca\/fr\/notre-gouvernance\/\">Notre gouvernance<\/a>.<\/p>\n","protected":false},"excerpt":{"rendered":"<p>FIDUCIAIRES D\u2019OSSTF BENEFITS Le conseil d\u2019administration de la Fiducie de la FSSBE compte neuf membres votant responsables du fonctionnement du r\u00e9gime et d\u2019assurer sa viabilit\u00e9 financi\u00e8re. Cinq membres sont nomm\u00e9s par la OSSTF\/FEESO, deux sont nomm\u00e9s par l\u2019Ontario Public School Board\u2019s Association (OPSBA) et deux par la Couronne. Le mandat de chaque fiduciaire est d\u2019un [&hellip;]<\/p>\n<p><a class=\"read-more\" href=\"https:\/\/www.osstfbenefits.ca\/fr\/notre-conseil\/\" title=\"Notre conseil\" aria-label=\"Notre conseil\">En lire plus<span aria-hidden=\"true\"> &gt;<\/span><\/a><\/p>\n","protected":false},"author":1,"featured_media":597,"parent":0,"menu_order":50,"comment_status":"closed","ping_status":"closed","template":"","meta":{"_acf_changed":false,"_relevanssi_hide_post":"","_relevanssi_hide_content":"","_relevanssi_pin_for_all":"","_relevanssi_pin_keywords":"","_relevanssi_unpin_keywords":"","_relevanssi_related_keywords":"","_relevanssi_related_include_ids":"","_relevanssi_related_exclude_ids":"","_relevanssi_related_no_append":"","_relevanssi_related_not_related":"","_relevanssi_related_posts":"","_relevanssi_noindex_reason":"","footnotes":""},"class_list":["post-596","page","type-page","status-publish","has-post-thumbnail","hentry"],"acf":[],"yoast_head":"<!-- This site is optimized with the Yoast SEO plugin v27.2 - https:\/\/yoast.com\/product\/yoast-seo-wordpress\/ -->\n<title>Notre conseil - OSSTF Benefits<\/title>\n<meta name=\"robots\" content=\"index, follow, max-snippet:-1, max-image-preview:large, max-video-preview:-1\" \/>\n<link rel=\"canonical\" href=\"https:\/\/www.osstfbenefits.ca\/fr\/notre-conseil\/\" \/>\n<meta property=\"og:locale\" content=\"fr_FR\" \/>\n<meta property=\"og:type\" content=\"article\" \/>\n<meta property=\"og:title\" content=\"Notre conseil - OSSTF Benefits\" \/>\n<meta property=\"og:description\" content=\"FIDUCIAIRES D\u2019OSSTF BENEFITS Le conseil d\u2019administration de la Fiducie de la FSSBE compte neuf membres votant responsables du fonctionnement du r\u00e9gime et d\u2019assurer sa viabilit\u00e9 financi\u00e8re. Cinq membres sont nomm\u00e9s par la OSSTF\/FEESO, deux sont nomm\u00e9s par l\u2019Ontario Public School Board\u2019s Association (OPSBA) et deux par la Couronne. Le mandat de chaque fiduciaire est d\u2019un [&hellip;]En lire plus &gt;\" \/>\n<meta property=\"og:url\" content=\"https:\/\/www.osstfbenefits.ca\/fr\/notre-conseil\/\" \/>\n<meta property=\"og:site_name\" content=\"OSSTF Benefits\" \/>\n<meta property=\"article:modified_time\" content=\"2026-03-30T20:59:39+00:00\" \/>\n<meta property=\"og:image\" content=\"https:\/\/www.osstfbenefits.ca\/wp-content\/uploads\/2018\/09\/hero-board.jpg\" \/>\n\t<meta property=\"og:image:width\" content=\"1400\" \/>\n\t<meta property=\"og:image:height\" content=\"520\" \/>\n\t<meta property=\"og:image:type\" content=\"image\/jpeg\" \/>\n<meta name=\"twitter:card\" content=\"summary_large_image\" \/>\n<meta name=\"twitter:label1\" content=\"Dur\u00e9e de lecture estim\u00e9e\" \/>\n\t<meta name=\"twitter:data1\" content=\"1 minute\" \/>\n<script type=\"application\/ld+json\" class=\"yoast-schema-graph\">{\"@context\":\"https:\/\/schema.org\",\"@graph\":[{\"@type\":\"WebPage\",\"@id\":\"https:\/\/www.osstfbenefits.ca\/fr\/notre-conseil\/\",\"url\":\"https:\/\/www.osstfbenefits.ca\/fr\/notre-conseil\/\",\"name\":\"Notre conseil - OSSTF Benefits\",\"isPartOf\":{\"@id\":\"https:\/\/www.osstfbenefits.ca\/fr\/#website\"},\"primaryImageOfPage\":{\"@id\":\"https:\/\/www.osstfbenefits.ca\/fr\/notre-conseil\/#primaryimage\"},\"image\":{\"@id\":\"https:\/\/www.osstfbenefits.ca\/fr\/notre-conseil\/#primaryimage\"},\"thumbnailUrl\":\"https:\/\/www.osstfbenefits.ca\/wp-content\/uploads\/2018\/09\/hero-board.jpg\",\"datePublished\":\"2018-08-20T15:27:11+00:00\",\"dateModified\":\"2026-03-30T20:59:39+00:00\",\"breadcrumb\":{\"@id\":\"https:\/\/www.osstfbenefits.ca\/fr\/notre-conseil\/#breadcrumb\"},\"inLanguage\":\"fr-FR\",\"potentialAction\":[{\"@type\":\"ReadAction\",\"target\":[\"https:\/\/www.osstfbenefits.ca\/fr\/notre-conseil\/\"]}]},{\"@type\":\"ImageObject\",\"inLanguage\":\"fr-FR\",\"@id\":\"https:\/\/www.osstfbenefits.ca\/fr\/notre-conseil\/#primaryimage\",\"url\":\"https:\/\/www.osstfbenefits.ca\/wp-content\/uploads\/2018\/09\/hero-board.jpg\",\"contentUrl\":\"https:\/\/www.osstfbenefits.ca\/wp-content\/uploads\/2018\/09\/hero-board.jpg\",\"width\":1400,\"height\":520},{\"@type\":\"BreadcrumbList\",\"@id\":\"https:\/\/www.osstfbenefits.ca\/fr\/notre-conseil\/#breadcrumb\",\"itemListElement\":[{\"@type\":\"ListItem\",\"position\":1,\"name\":\"Home\",\"item\":\"https:\/\/www.osstfbenefits.ca\/fr\/\"},{\"@type\":\"ListItem\",\"position\":2,\"name\":\"Notre conseil\"}]},{\"@type\":\"WebSite\",\"@id\":\"https:\/\/www.osstfbenefits.ca\/fr\/#website\",\"url\":\"https:\/\/www.osstfbenefits.ca\/fr\/\",\"name\":\"OSSTF Benefits\",\"description\":\"F\u00e9d\u00e9ration des enseignantes-enseignants des \u00e9coles secondaires de l&#039;Ontario benefits\",\"potentialAction\":[{\"@type\":\"SearchAction\",\"target\":{\"@type\":\"EntryPoint\",\"urlTemplate\":\"https:\/\/www.osstfbenefits.ca\/fr\/?s={search_term_string}\"},\"query-input\":{\"@type\":\"PropertyValueSpecification\",\"valueRequired\":true,\"valueName\":\"search_term_string\"}}],\"inLanguage\":\"fr-FR\"}]}<\/script>\n<!-- \/ Yoast SEO plugin. -->","yoast_head_json":{"title":"Notre conseil - OSSTF Benefits","robots":{"index":"index","follow":"follow","max-snippet":"max-snippet:-1","max-image-preview":"max-image-preview:large","max-video-preview":"max-video-preview:-1"},"canonical":"https:\/\/www.osstfbenefits.ca\/fr\/notre-conseil\/","og_locale":"fr_FR","og_type":"article","og_title":"Notre conseil - OSSTF Benefits","og_description":"FIDUCIAIRES D\u2019OSSTF BENEFITS Le conseil d\u2019administration de la Fiducie de la FSSBE compte neuf membres votant responsables du fonctionnement du r\u00e9gime et d\u2019assurer sa viabilit\u00e9 financi\u00e8re. Cinq membres sont nomm\u00e9s par la OSSTF\/FEESO, deux sont nomm\u00e9s par l\u2019Ontario Public School Board\u2019s Association (OPSBA) et deux par la Couronne. Le mandat de chaque fiduciaire est d\u2019un [&hellip;]En lire plus &gt;","og_url":"https:\/\/www.osstfbenefits.ca\/fr\/notre-conseil\/","og_site_name":"OSSTF Benefits","article_modified_time":"2026-03-30T20:59:39+00:00","og_image":[{"width":1400,"height":520,"url":"https:\/\/www.osstfbenefits.ca\/wp-content\/uploads\/2018\/09\/hero-board.jpg","type":"image\/jpeg"}],"twitter_card":"summary_large_image","twitter_misc":{"Dur\u00e9e de lecture estim\u00e9e":"1 minute"},"schema":{"@context":"https:\/\/schema.org","@graph":[{"@type":"WebPage","@id":"https:\/\/www.osstfbenefits.ca\/fr\/notre-conseil\/","url":"https:\/\/www.osstfbenefits.ca\/fr\/notre-conseil\/","name":"Notre conseil - OSSTF Benefits","isPartOf":{"@id":"https:\/\/www.osstfbenefits.ca\/fr\/#website"},"primaryImageOfPage":{"@id":"https:\/\/www.osstfbenefits.ca\/fr\/notre-conseil\/#primaryimage"},"image":{"@id":"https:\/\/www.osstfbenefits.ca\/fr\/notre-conseil\/#primaryimage"},"thumbnailUrl":"https:\/\/www.osstfbenefits.ca\/wp-content\/uploads\/2018\/09\/hero-board.jpg","datePublished":"2018-08-20T15:27:11+00:00","dateModified":"2026-03-30T20:59:39+00:00","breadcrumb":{"@id":"https:\/\/www.osstfbenefits.ca\/fr\/notre-conseil\/#breadcrumb"},"inLanguage":"fr-FR","potentialAction":[{"@type":"ReadAction","target":["https:\/\/www.osstfbenefits.ca\/fr\/notre-conseil\/"]}]},{"@type":"ImageObject","inLanguage":"fr-FR","@id":"https:\/\/www.osstfbenefits.ca\/fr\/notre-conseil\/#primaryimage","url":"https:\/\/www.osstfbenefits.ca\/wp-content\/uploads\/2018\/09\/hero-board.jpg","contentUrl":"https:\/\/www.osstfbenefits.ca\/wp-content\/uploads\/2018\/09\/hero-board.jpg","width":1400,"height":520},{"@type":"BreadcrumbList","@id":"https:\/\/www.osstfbenefits.ca\/fr\/notre-conseil\/#breadcrumb","itemListElement":[{"@type":"ListItem","position":1,"name":"Home","item":"https:\/\/www.osstfbenefits.ca\/fr\/"},{"@type":"ListItem","position":2,"name":"Notre conseil"}]},{"@type":"WebSite","@id":"https:\/\/www.osstfbenefits.ca\/fr\/#website","url":"https:\/\/www.osstfbenefits.ca\/fr\/","name":"OSSTF Benefits","description":"F\u00e9d\u00e9ration des enseignantes-enseignants des \u00e9coles secondaires de l&#039;Ontario benefits","potentialAction":[{"@type":"SearchAction","target":{"@type":"EntryPoint","urlTemplate":"https:\/\/www.osstfbenefits.ca\/fr\/?s={search_term_string}"},"query-input":{"@type":"PropertyValueSpecification","valueRequired":true,"valueName":"search_term_string"}}],"inLanguage":"fr-FR"}]}},"_links":{"self":[{"href":"https:\/\/www.osstfbenefits.ca\/fr\/wp-json\/wp\/v2\/pages\/596","targetHints":{"allow":["GET"]}}],"collection":[{"href":"https:\/\/www.osstfbenefits.ca\/fr\/wp-json\/wp\/v2\/pages"}],"about":[{"href":"https:\/\/www.osstfbenefits.ca\/fr\/wp-json\/wp\/v2\/types\/page"}],"author":[{"embeddable":true,"href":"https:\/\/www.osstfbenefits.ca\/fr\/wp-json\/wp\/v2\/users\/1"}],"replies":[{"embeddable":true,"href":"https:\/\/www.osstfbenefits.ca\/fr\/wp-json\/wp\/v2\/comments?post=596"}],"version-history":[{"count":47,"href":"https:\/\/www.osstfbenefits.ca\/fr\/wp-json\/wp\/v2\/pages\/596\/revisions"}],"predecessor-version":[{"id":3149,"href":"https:\/\/www.osstfbenefits.ca\/fr\/wp-json\/wp\/v2\/pages\/596\/revisions\/3149"}],"wp:featuredmedia":[{"embeddable":true,"href":"https:\/\/www.osstfbenefits.ca\/fr\/wp-json\/wp\/v2\/media\/597"}],"wp:attachment":[{"href":"https:\/\/www.osstfbenefits.ca\/fr\/wp-json\/wp\/v2\/media?parent=596"}],"curies":[{"name":"wp","href":"https:\/\/api.w.org\/{rel}","templated":true}]}}