{"id":588,"date":"2018-08-20T11:26:23","date_gmt":"2018-08-20T15:26:23","guid":{"rendered":"https:\/\/osstfbenefits.ca\/our-plan\/"},"modified":"2026-01-29T10:13:38","modified_gmt":"2026-01-29T15:13:38","slug":"notre-regime","status":"publish","type":"page","link":"https:\/\/www.osstfbenefits.ca\/fr\/notre-regime\/","title":{"rendered":"Notre r\u00e9gime"},"content":{"rendered":"<h2>Votre r\u00e9gime d\u2019OSSTF Benefits<\/h2>\n<blockquote><p>Le r\u00e9gime d\u2019OSSTF Benefits a \u00e9t\u00e9 con\u00e7u en apprenant quels avantages avaient le plus d\u2019importance pour les membres d\u2019OSSTF\/FEESO et en concevant un r\u00e9gime qui correspond mieux \u00e0 chacun de nous. Tout le monde b\u00e9n\u00e9ficie des m\u00eames avantages partout en Ontario, c\u2019est ainsi juste et \u00e9quitable.<\/p><\/blockquote>\n<p>Les membres admissibles peuvent pr\u00e9senter des demandes de r\u00e8glement durant l\u2019ann\u00e9e de prestations pour la p\u00e9riode pendant laquelle ils sont des membres admissibles. Visitez le <a href=\"https:\/\/www.raeo.com\/\" target=\"_blank\" rel=\"noopener noreferrer\">site Web prot\u00e9g\u00e9 \u00e0 l\u2019intention des participants du RAEO<\/a> pour soumettre une demande de r\u00e8glement une fois que vous \u00eates inscrit.<\/p>\n<p><strong class=\"primary\">Voici un <a href=\"https:\/\/www.osstfbenefits.ca\/wp-content\/uploads\/2025\/08\/OSSTF-ELHT-BAAG-FR.pdf\" target=\"_blank\" title=\"aper\u00e7u des avantages que vous recevez\" >aper\u00e7u des avantages que vous recevez (18MB  PDF)<\/a> en tant que membre admissible d\u2019OSSTF\/FEESO. Pour une ventilation d\u00e9taill\u00e9e des avantages, visitez le <a href=\"https:\/\/www.raeo.com\/\" target=\"_blank\" rel=\"noopener noreferrer\">site Web prot\u00e9g\u00e9 \u00e0 l\u2019intention des participants du RAEO<\/a>.<\/strong><\/p>\n<p><strong>Il est important que vous connaissiez la ventilation des contributions de vos membres. <a href=\"https:\/\/www.osstfbenefits.ca\/wp-content\/uploads\/2018\/10\/FSSBE-de-l\u2019OSSTF-FEESO-\u2013-Aper\u00e7u-de-cotisation-de-membre.pdf\" target=\"_blank\" title=\"Visualisez le sch\u00e9ma ici\" >Visualisez le sch\u00e9ma ici (155kB  PDF)<\/a>.<\/strong><\/p>\n","protected":false},"excerpt":{"rendered":"<p>Votre r\u00e9gime d\u2019OSSTF Benefits Le r\u00e9gime d\u2019OSSTF Benefits a \u00e9t\u00e9 con\u00e7u en apprenant quels avantages avaient le plus d\u2019importance pour les membres d\u2019OSSTF\/FEESO et en concevant un r\u00e9gime qui correspond mieux \u00e0 chacun de nous. Tout le monde b\u00e9n\u00e9ficie des m\u00eames avantages partout en Ontario, c\u2019est ainsi juste et \u00e9quitable. Les membres admissibles peuvent pr\u00e9senter [&hellip;]<\/p>\n<p><a class=\"read-more\" href=\"https:\/\/www.osstfbenefits.ca\/fr\/notre-regime\/\" title=\"Notre r\u00e9gime\" aria-label=\"Notre r\u00e9gime\">En lire plus<span aria-hidden=\"true\"> &gt;<\/span><\/a><\/p>\n","protected":false},"author":1,"featured_media":589,"parent":0,"menu_order":10,"comment_status":"closed","ping_status":"closed","template":"","meta":{"_acf_changed":false,"_relevanssi_hide_post":"","_relevanssi_hide_content":"","_relevanssi_pin_for_all":"","_relevanssi_pin_keywords":"","_relevanssi_unpin_keywords":"","_relevanssi_related_keywords":"","_relevanssi_related_include_ids":"","_relevanssi_related_exclude_ids":"","_relevanssi_related_no_append":"","_relevanssi_related_not_related":"","_relevanssi_related_posts":"","_relevanssi_noindex_reason":"","footnotes":""},"class_list":["post-588","page","type-page","status-publish","has-post-thumbnail","hentry"],"acf":[],"yoast_head":"<!-- This site is optimized with the Yoast SEO plugin v27.5 - https:\/\/yoast.com\/product\/yoast-seo-wordpress\/ -->\n<title>Notre r\u00e9gime - OSSTF Benefits<\/title>\n<meta name=\"robots\" content=\"index, follow, max-snippet:-1, max-image-preview:large, max-video-preview:-1\" \/>\n<link rel=\"canonical\" href=\"https:\/\/www.osstfbenefits.ca\/fr\/notre-regime\/\" \/>\n<meta property=\"og:locale\" content=\"fr_FR\" \/>\n<meta property=\"og:type\" content=\"article\" \/>\n<meta property=\"og:title\" content=\"Notre r\u00e9gime - OSSTF Benefits\" \/>\n<meta property=\"og:description\" content=\"Votre r\u00e9gime d\u2019OSSTF Benefits Le r\u00e9gime d\u2019OSSTF Benefits a \u00e9t\u00e9 con\u00e7u en apprenant quels avantages avaient le plus d\u2019importance pour les membres d\u2019OSSTF\/FEESO et en concevant un r\u00e9gime qui correspond mieux \u00e0 chacun de nous. Tout le monde b\u00e9n\u00e9ficie des m\u00eames avantages partout en Ontario, c\u2019est ainsi juste et \u00e9quitable. Les membres admissibles peuvent pr\u00e9senter [&hellip;]En lire plus &gt;\" \/>\n<meta property=\"og:url\" content=\"https:\/\/www.osstfbenefits.ca\/fr\/notre-regime\/\" \/>\n<meta property=\"og:site_name\" content=\"OSSTF Benefits\" \/>\n<meta property=\"article:modified_time\" content=\"2026-01-29T15:13:38+00:00\" \/>\n<meta property=\"og:image\" content=\"https:\/\/www.osstfbenefits.ca\/wp-content\/uploads\/2018\/09\/hero-our-plan.jpg\" \/>\n\t<meta property=\"og:image:width\" content=\"1400\" \/>\n\t<meta property=\"og:image:height\" content=\"520\" \/>\n\t<meta property=\"og:image:type\" content=\"image\/jpeg\" \/>\n<meta name=\"twitter:card\" content=\"summary_large_image\" \/>\n<meta name=\"twitter:label1\" content=\"Dur\u00e9e de lecture estim\u00e9e\" \/>\n\t<meta name=\"twitter:data1\" content=\"1 minute\" \/>\n<script type=\"application\/ld+json\" class=\"yoast-schema-graph\">{\"@context\":\"https:\\\/\\\/schema.org\",\"@graph\":[{\"@type\":\"WebPage\",\"@id\":\"https:\\\/\\\/www.osstfbenefits.ca\\\/fr\\\/notre-regime\\\/\",\"url\":\"https:\\\/\\\/www.osstfbenefits.ca\\\/fr\\\/notre-regime\\\/\",\"name\":\"Notre r\u00e9gime - OSSTF Benefits\",\"isPartOf\":{\"@id\":\"https:\\\/\\\/www.osstfbenefits.ca\\\/fr\\\/#website\"},\"primaryImageOfPage\":{\"@id\":\"https:\\\/\\\/www.osstfbenefits.ca\\\/fr\\\/notre-regime\\\/#primaryimage\"},\"image\":{\"@id\":\"https:\\\/\\\/www.osstfbenefits.ca\\\/fr\\\/notre-regime\\\/#primaryimage\"},\"thumbnailUrl\":\"https:\\\/\\\/www.osstfbenefits.ca\\\/wp-content\\\/uploads\\\/2018\\\/09\\\/hero-our-plan.jpg\",\"datePublished\":\"2018-08-20T15:26:23+00:00\",\"dateModified\":\"2026-01-29T15:13:38+00:00\",\"breadcrumb\":{\"@id\":\"https:\\\/\\\/www.osstfbenefits.ca\\\/fr\\\/notre-regime\\\/#breadcrumb\"},\"inLanguage\":\"fr-FR\",\"potentialAction\":[{\"@type\":\"ReadAction\",\"target\":[\"https:\\\/\\\/www.osstfbenefits.ca\\\/fr\\\/notre-regime\\\/\"]}]},{\"@type\":\"ImageObject\",\"inLanguage\":\"fr-FR\",\"@id\":\"https:\\\/\\\/www.osstfbenefits.ca\\\/fr\\\/notre-regime\\\/#primaryimage\",\"url\":\"https:\\\/\\\/www.osstfbenefits.ca\\\/wp-content\\\/uploads\\\/2018\\\/09\\\/hero-our-plan.jpg\",\"contentUrl\":\"https:\\\/\\\/www.osstfbenefits.ca\\\/wp-content\\\/uploads\\\/2018\\\/09\\\/hero-our-plan.jpg\",\"width\":1400,\"height\":520},{\"@type\":\"BreadcrumbList\",\"@id\":\"https:\\\/\\\/www.osstfbenefits.ca\\\/fr\\\/notre-regime\\\/#breadcrumb\",\"itemListElement\":[{\"@type\":\"ListItem\",\"position\":1,\"name\":\"Home\",\"item\":\"https:\\\/\\\/www.osstfbenefits.ca\\\/fr\\\/\"},{\"@type\":\"ListItem\",\"position\":2,\"name\":\"Notre r\u00e9gime\"}]},{\"@type\":\"WebSite\",\"@id\":\"https:\\\/\\\/www.osstfbenefits.ca\\\/fr\\\/#website\",\"url\":\"https:\\\/\\\/www.osstfbenefits.ca\\\/fr\\\/\",\"name\":\"OSSTF Benefits\",\"description\":\"F\u00e9d\u00e9ration des enseignantes-enseignants des \u00e9coles secondaires de l&#039;Ontario benefits\",\"potentialAction\":[{\"@type\":\"SearchAction\",\"target\":{\"@type\":\"EntryPoint\",\"urlTemplate\":\"https:\\\/\\\/www.osstfbenefits.ca\\\/fr\\\/?s={search_term_string}\"},\"query-input\":{\"@type\":\"PropertyValueSpecification\",\"valueRequired\":true,\"valueName\":\"search_term_string\"}}],\"inLanguage\":\"fr-FR\"}]}<\/script>\n<!-- \/ Yoast SEO plugin. -->","yoast_head_json":{"title":"Notre r\u00e9gime - OSSTF Benefits","robots":{"index":"index","follow":"follow","max-snippet":"max-snippet:-1","max-image-preview":"max-image-preview:large","max-video-preview":"max-video-preview:-1"},"canonical":"https:\/\/www.osstfbenefits.ca\/fr\/notre-regime\/","og_locale":"fr_FR","og_type":"article","og_title":"Notre r\u00e9gime - OSSTF Benefits","og_description":"Votre r\u00e9gime d\u2019OSSTF Benefits Le r\u00e9gime d\u2019OSSTF Benefits a \u00e9t\u00e9 con\u00e7u en apprenant quels avantages avaient le plus d\u2019importance pour les membres d\u2019OSSTF\/FEESO et en concevant un r\u00e9gime qui correspond mieux \u00e0 chacun de nous. Tout le monde b\u00e9n\u00e9ficie des m\u00eames avantages partout en Ontario, c\u2019est ainsi juste et \u00e9quitable. Les membres admissibles peuvent pr\u00e9senter [&hellip;]En lire plus &gt;","og_url":"https:\/\/www.osstfbenefits.ca\/fr\/notre-regime\/","og_site_name":"OSSTF Benefits","article_modified_time":"2026-01-29T15:13:38+00:00","og_image":[{"width":1400,"height":520,"url":"https:\/\/www.osstfbenefits.ca\/wp-content\/uploads\/2018\/09\/hero-our-plan.jpg","type":"image\/jpeg"}],"twitter_card":"summary_large_image","twitter_misc":{"Dur\u00e9e de lecture estim\u00e9e":"1 minute"},"schema":{"@context":"https:\/\/schema.org","@graph":[{"@type":"WebPage","@id":"https:\/\/www.osstfbenefits.ca\/fr\/notre-regime\/","url":"https:\/\/www.osstfbenefits.ca\/fr\/notre-regime\/","name":"Notre r\u00e9gime - OSSTF Benefits","isPartOf":{"@id":"https:\/\/www.osstfbenefits.ca\/fr\/#website"},"primaryImageOfPage":{"@id":"https:\/\/www.osstfbenefits.ca\/fr\/notre-regime\/#primaryimage"},"image":{"@id":"https:\/\/www.osstfbenefits.ca\/fr\/notre-regime\/#primaryimage"},"thumbnailUrl":"https:\/\/www.osstfbenefits.ca\/wp-content\/uploads\/2018\/09\/hero-our-plan.jpg","datePublished":"2018-08-20T15:26:23+00:00","dateModified":"2026-01-29T15:13:38+00:00","breadcrumb":{"@id":"https:\/\/www.osstfbenefits.ca\/fr\/notre-regime\/#breadcrumb"},"inLanguage":"fr-FR","potentialAction":[{"@type":"ReadAction","target":["https:\/\/www.osstfbenefits.ca\/fr\/notre-regime\/"]}]},{"@type":"ImageObject","inLanguage":"fr-FR","@id":"https:\/\/www.osstfbenefits.ca\/fr\/notre-regime\/#primaryimage","url":"https:\/\/www.osstfbenefits.ca\/wp-content\/uploads\/2018\/09\/hero-our-plan.jpg","contentUrl":"https:\/\/www.osstfbenefits.ca\/wp-content\/uploads\/2018\/09\/hero-our-plan.jpg","width":1400,"height":520},{"@type":"BreadcrumbList","@id":"https:\/\/www.osstfbenefits.ca\/fr\/notre-regime\/#breadcrumb","itemListElement":[{"@type":"ListItem","position":1,"name":"Home","item":"https:\/\/www.osstfbenefits.ca\/fr\/"},{"@type":"ListItem","position":2,"name":"Notre r\u00e9gime"}]},{"@type":"WebSite","@id":"https:\/\/www.osstfbenefits.ca\/fr\/#website","url":"https:\/\/www.osstfbenefits.ca\/fr\/","name":"OSSTF Benefits","description":"F\u00e9d\u00e9ration des enseignantes-enseignants des \u00e9coles secondaires de l&#039;Ontario benefits","potentialAction":[{"@type":"SearchAction","target":{"@type":"EntryPoint","urlTemplate":"https:\/\/www.osstfbenefits.ca\/fr\/?s={search_term_string}"},"query-input":{"@type":"PropertyValueSpecification","valueRequired":true,"valueName":"search_term_string"}}],"inLanguage":"fr-FR"}]}},"_links":{"self":[{"href":"https:\/\/www.osstfbenefits.ca\/fr\/wp-json\/wp\/v2\/pages\/588","targetHints":{"allow":["GET"]}}],"collection":[{"href":"https:\/\/www.osstfbenefits.ca\/fr\/wp-json\/wp\/v2\/pages"}],"about":[{"href":"https:\/\/www.osstfbenefits.ca\/fr\/wp-json\/wp\/v2\/types\/page"}],"author":[{"embeddable":true,"href":"https:\/\/www.osstfbenefits.ca\/fr\/wp-json\/wp\/v2\/users\/1"}],"replies":[{"embeddable":true,"href":"https:\/\/www.osstfbenefits.ca\/fr\/wp-json\/wp\/v2\/comments?post=588"}],"version-history":[{"count":39,"href":"https:\/\/www.osstfbenefits.ca\/fr\/wp-json\/wp\/v2\/pages\/588\/revisions"}],"predecessor-version":[{"id":3105,"href":"https:\/\/www.osstfbenefits.ca\/fr\/wp-json\/wp\/v2\/pages\/588\/revisions\/3105"}],"wp:featuredmedia":[{"embeddable":true,"href":"https:\/\/www.osstfbenefits.ca\/fr\/wp-json\/wp\/v2\/media\/589"}],"wp:attachment":[{"href":"https:\/\/www.osstfbenefits.ca\/fr\/wp-json\/wp\/v2\/media?parent=588"}],"curies":[{"name":"wp","href":"https:\/\/api.w.org\/{rel}","templated":true}]}}