{"id":584,"date":"2018-08-20T11:27:22","date_gmt":"2018-08-20T15:27:22","guid":{"rendered":"https:\/\/osstfbenefits.ca\/contact\/"},"modified":"2018-11-01T11:25:37","modified_gmt":"2018-11-01T15:25:37","slug":"coordonnees","status":"publish","type":"page","link":"https:\/\/www.osstfbenefits.ca\/fr\/coordonnees\/","title":{"rendered":"Coordonn\u00e9es"},"content":{"rendered":"<p>Pour de plus amples renseignements sur la protection, la mani\u00e8re de vous inscrire ou d\u2019effectuer des modifications \u00e0 votre protection (p. ex., ajouter une personne \u00e0 charge admissible), vous pouvez\u00a0:<\/p>\n<ul class=\"indent1\">\n<li>Appeler les Services d\u2019assurance du RAEO au <a class=\"nowrap\" href=\"tel:1-866-783-6847\">1-866-783-6847<\/a>\n<ul>\n<li>Les heures du Service des prestations sont du lundi au vendredi, de 8 h \u00e0 19 h<\/li>\n<\/ul>\n<\/li>\n<li>Visiter le <a href=\"https:\/\/www.raeo.com\/\" target=\"_blank\" rel=\"noopener\">www.raeo.com<\/a>. Vous pouvez vous connecter ici au site prot\u00e9g\u00e9 \u00e0 l\u2019intention des participants du RAEO (<strong>Mes garanties<\/strong> et <strong>Mes demandes de r\u00e8glement<\/strong>) pour plusieurs fonctions importantes, notamment :<br \/>\n<h4>Mes garanties :<\/h4>\n<ul class=\"indent1 nolispace\">\n<li>Ajouter des personnes \u00e0 charge admissibles et<\/li>\n<li>Modifier vos b\u00e9n\u00e9ficiaires<\/li>\n<\/ul>\n<h4>Mes demandes de r\u00e8glement :<\/h4>\n<ul class=\"indent1 nolispace\">\n<li>Soumettre et v\u00e9rifier la situation de vos demandes de r\u00e8glement<\/li>\n<li>Visualiser la brochure sur les avantages sociaux de la FSSBE d\u2019OSSTF\/FEESO<\/li>\n<li>Consulter la liste des maximums raisonnables et habituels et<\/li>\n<li>V\u00e9rifier les m\u00e9dicaments admissibles<\/li>\n<\/ul>\n<\/li>\n<\/ul>\n<hr \/>\n<h2>Communiquez avec la FSSBE d\u2019OSSTF\/FEESO<\/h2>\n<p>Pour des renseignements g\u00e9n\u00e9raux sur la FSSBE d\u2019OSSTF\/FEESO, des questions g\u00e9n\u00e9rales concernant l\u2019admissibilit\u00e9 et fournir des commentaires sur la FSSBE, vous pouvez\u00a0:<\/p>\n<ul class=\"indent1\">\n<li>Envoyer un courriel \u00e0 <a href=\"mailto:comments@osstfbenefits.ca\">comments@osstfbenefits.ca<\/a><\/li>\n<li style=\"display: none;\">Appeler: <a class=\"nowrap\" href=\"tel:1-866-555-5555\">1-866-555-5555<\/a><\/li>\n<\/ul>\n<hr \/>\n<h2>Des questions?<\/h2>\n<p><strong>N\u2019oubliez pas :<\/strong><\/p>\n<ul class=\"indent1\">\n<li><strong>de consulter la <a href=\"https:\/\/www.osstfbenefits.ca\/fr\/faqs\/\">section FAQ<\/a><\/strong><\/li>\n<li><strong>de visiter le <a href=\"https:\/\/www.raeo.com\/Aide\" target=\"_blank\" rel=\"noopener\">RAEO Aide<\/a><\/strong><\/li>\n<li><strong>ou d\u2019appeler les Services d\u2019assurance du RAEO au <a class=\"nowrap\" href=\"tel:1-866-783-6847\">1-866-783-6847<\/a><\/strong><\/li>\n<\/ul>\n","protected":false},"excerpt":{"rendered":"<p>Pour de plus amples renseignements sur la protection, la mani\u00e8re de vous inscrire ou d\u2019effectuer des modifications \u00e0 votre protection (p. ex., ajouter une personne \u00e0 charge admissible), vous pouvez\u00a0: Appeler les Services d\u2019assurance du RAEO au 1-866-783-6847 Les heures du Service des prestations sont du lundi au vendredi, de 8 h \u00e0 19 h [&hellip;]<\/p>\n<p><a class=\"read-more\" href=\"https:\/\/www.osstfbenefits.ca\/fr\/coordonnees\/\" title=\"Coordonn\u00e9es\" aria-label=\"Coordonn\u00e9es\">En lire plus<span aria-hidden=\"true\"> &gt;<\/span><\/a><\/p>\n","protected":false},"author":1,"featured_media":0,"parent":0,"menu_order":70,"comment_status":"closed","ping_status":"closed","template":"","meta":{"_acf_changed":false,"_relevanssi_hide_post":"","_relevanssi_hide_content":"","_relevanssi_pin_for_all":"","_relevanssi_pin_keywords":"","_relevanssi_unpin_keywords":"","_relevanssi_related_keywords":"","_relevanssi_related_include_ids":"","_relevanssi_related_exclude_ids":"","_relevanssi_related_no_append":"","_relevanssi_related_not_related":"","_relevanssi_related_posts":"","_relevanssi_noindex_reason":"","footnotes":""},"class_list":["post-584","page","type-page","status-publish","hentry"],"acf":[],"yoast_head":"<!-- This site is optimized with the Yoast SEO plugin v27.2 - https:\/\/yoast.com\/product\/yoast-seo-wordpress\/ -->\n<title>Coordonn\u00e9es - OSSTF Benefits<\/title>\n<meta name=\"robots\" content=\"index, follow, max-snippet:-1, max-image-preview:large, max-video-preview:-1\" \/>\n<link rel=\"canonical\" href=\"https:\/\/www.osstfbenefits.ca\/fr\/coordonnees\/\" \/>\n<meta property=\"og:locale\" content=\"fr_FR\" \/>\n<meta property=\"og:type\" content=\"article\" \/>\n<meta property=\"og:title\" content=\"Coordonn\u00e9es - OSSTF Benefits\" \/>\n<meta property=\"og:description\" content=\"Pour de plus amples renseignements sur la protection, la mani\u00e8re de vous inscrire ou d\u2019effectuer des modifications \u00e0 votre protection (p. ex., ajouter une personne \u00e0 charge admissible), vous pouvez\u00a0: Appeler les Services d\u2019assurance du RAEO au 1-866-783-6847 Les heures du Service des prestations sont du lundi au vendredi, de 8 h \u00e0 19 h [&hellip;]En lire plus &gt;\" \/>\n<meta property=\"og:url\" content=\"https:\/\/www.osstfbenefits.ca\/fr\/coordonnees\/\" \/>\n<meta property=\"og:site_name\" content=\"OSSTF Benefits\" \/>\n<meta property=\"article:modified_time\" content=\"2018-11-01T15:25:37+00:00\" \/>\n<meta name=\"twitter:card\" content=\"summary_large_image\" \/>\n<meta name=\"twitter:label1\" content=\"Dur\u00e9e de lecture estim\u00e9e\" \/>\n\t<meta name=\"twitter:data1\" content=\"1 minute\" \/>\n<script type=\"application\/ld+json\" class=\"yoast-schema-graph\">{\"@context\":\"https:\/\/schema.org\",\"@graph\":[{\"@type\":\"WebPage\",\"@id\":\"https:\/\/www.osstfbenefits.ca\/fr\/coordonnees\/\",\"url\":\"https:\/\/www.osstfbenefits.ca\/fr\/coordonnees\/\",\"name\":\"Coordonn\u00e9es - OSSTF Benefits\",\"isPartOf\":{\"@id\":\"https:\/\/www.osstfbenefits.ca\/fr\/#website\"},\"datePublished\":\"2018-08-20T15:27:22+00:00\",\"dateModified\":\"2018-11-01T15:25:37+00:00\",\"breadcrumb\":{\"@id\":\"https:\/\/www.osstfbenefits.ca\/fr\/coordonnees\/#breadcrumb\"},\"inLanguage\":\"fr-FR\",\"potentialAction\":[{\"@type\":\"ReadAction\",\"target\":[\"https:\/\/www.osstfbenefits.ca\/fr\/coordonnees\/\"]}]},{\"@type\":\"BreadcrumbList\",\"@id\":\"https:\/\/www.osstfbenefits.ca\/fr\/coordonnees\/#breadcrumb\",\"itemListElement\":[{\"@type\":\"ListItem\",\"position\":1,\"name\":\"Home\",\"item\":\"https:\/\/www.osstfbenefits.ca\/fr\/\"},{\"@type\":\"ListItem\",\"position\":2,\"name\":\"Coordonn\u00e9es\"}]},{\"@type\":\"WebSite\",\"@id\":\"https:\/\/www.osstfbenefits.ca\/fr\/#website\",\"url\":\"https:\/\/www.osstfbenefits.ca\/fr\/\",\"name\":\"OSSTF Benefits\",\"description\":\"F\u00e9d\u00e9ration des enseignantes-enseignants des \u00e9coles secondaires de l&#039;Ontario benefits\",\"potentialAction\":[{\"@type\":\"SearchAction\",\"target\":{\"@type\":\"EntryPoint\",\"urlTemplate\":\"https:\/\/www.osstfbenefits.ca\/fr\/?s={search_term_string}\"},\"query-input\":{\"@type\":\"PropertyValueSpecification\",\"valueRequired\":true,\"valueName\":\"search_term_string\"}}],\"inLanguage\":\"fr-FR\"}]}<\/script>\n<!-- \/ Yoast SEO plugin. -->","yoast_head_json":{"title":"Coordonn\u00e9es - OSSTF Benefits","robots":{"index":"index","follow":"follow","max-snippet":"max-snippet:-1","max-image-preview":"max-image-preview:large","max-video-preview":"max-video-preview:-1"},"canonical":"https:\/\/www.osstfbenefits.ca\/fr\/coordonnees\/","og_locale":"fr_FR","og_type":"article","og_title":"Coordonn\u00e9es - OSSTF Benefits","og_description":"Pour de plus amples renseignements sur la protection, la mani\u00e8re de vous inscrire ou d\u2019effectuer des modifications \u00e0 votre protection (p. ex., ajouter une personne \u00e0 charge admissible), vous pouvez\u00a0: Appeler les Services d\u2019assurance du RAEO au 1-866-783-6847 Les heures du Service des prestations sont du lundi au vendredi, de 8 h \u00e0 19 h [&hellip;]En lire plus &gt;","og_url":"https:\/\/www.osstfbenefits.ca\/fr\/coordonnees\/","og_site_name":"OSSTF Benefits","article_modified_time":"2018-11-01T15:25:37+00:00","twitter_card":"summary_large_image","twitter_misc":{"Dur\u00e9e de lecture estim\u00e9e":"1 minute"},"schema":{"@context":"https:\/\/schema.org","@graph":[{"@type":"WebPage","@id":"https:\/\/www.osstfbenefits.ca\/fr\/coordonnees\/","url":"https:\/\/www.osstfbenefits.ca\/fr\/coordonnees\/","name":"Coordonn\u00e9es - OSSTF Benefits","isPartOf":{"@id":"https:\/\/www.osstfbenefits.ca\/fr\/#website"},"datePublished":"2018-08-20T15:27:22+00:00","dateModified":"2018-11-01T15:25:37+00:00","breadcrumb":{"@id":"https:\/\/www.osstfbenefits.ca\/fr\/coordonnees\/#breadcrumb"},"inLanguage":"fr-FR","potentialAction":[{"@type":"ReadAction","target":["https:\/\/www.osstfbenefits.ca\/fr\/coordonnees\/"]}]},{"@type":"BreadcrumbList","@id":"https:\/\/www.osstfbenefits.ca\/fr\/coordonnees\/#breadcrumb","itemListElement":[{"@type":"ListItem","position":1,"name":"Home","item":"https:\/\/www.osstfbenefits.ca\/fr\/"},{"@type":"ListItem","position":2,"name":"Coordonn\u00e9es"}]},{"@type":"WebSite","@id":"https:\/\/www.osstfbenefits.ca\/fr\/#website","url":"https:\/\/www.osstfbenefits.ca\/fr\/","name":"OSSTF Benefits","description":"F\u00e9d\u00e9ration des enseignantes-enseignants des \u00e9coles secondaires de l&#039;Ontario benefits","potentialAction":[{"@type":"SearchAction","target":{"@type":"EntryPoint","urlTemplate":"https:\/\/www.osstfbenefits.ca\/fr\/?s={search_term_string}"},"query-input":{"@type":"PropertyValueSpecification","valueRequired":true,"valueName":"search_term_string"}}],"inLanguage":"fr-FR"}]}},"_links":{"self":[{"href":"https:\/\/www.osstfbenefits.ca\/fr\/wp-json\/wp\/v2\/pages\/584","targetHints":{"allow":["GET"]}}],"collection":[{"href":"https:\/\/www.osstfbenefits.ca\/fr\/wp-json\/wp\/v2\/pages"}],"about":[{"href":"https:\/\/www.osstfbenefits.ca\/fr\/wp-json\/wp\/v2\/types\/page"}],"author":[{"embeddable":true,"href":"https:\/\/www.osstfbenefits.ca\/fr\/wp-json\/wp\/v2\/users\/1"}],"replies":[{"embeddable":true,"href":"https:\/\/www.osstfbenefits.ca\/fr\/wp-json\/wp\/v2\/comments?post=584"}],"version-history":[{"count":10,"href":"https:\/\/www.osstfbenefits.ca\/fr\/wp-json\/wp\/v2\/pages\/584\/revisions"}],"predecessor-version":[{"id":745,"href":"https:\/\/www.osstfbenefits.ca\/fr\/wp-json\/wp\/v2\/pages\/584\/revisions\/745"}],"wp:attachment":[{"href":"https:\/\/www.osstfbenefits.ca\/fr\/wp-json\/wp\/v2\/media?parent=584"}],"curies":[{"name":"wp","href":"https:\/\/api.w.org\/{rel}","templated":true}]}}