{"id":2416,"date":"2024-05-01T15:48:09","date_gmt":"2024-05-01T19:48:09","guid":{"rendered":"https:\/\/osstfbenefits.ca\/faqs\/"},"modified":"2026-01-27T11:34:15","modified_gmt":"2026-01-27T16:34:15","slug":"faq","status":"publish","type":"page","link":"https:\/\/www.osstfbenefits.ca\/fr\/faq\/","title":{"rendered":"FAQ"},"content":{"rendered":"<p>La Foire aux questions (FAQ) ci-apr\u00e8s s\u2019inspire des directives g\u00e9n\u00e9rales du r\u00e9gime d\u2019OSSTF Benefits. Rappelez-vous qu\u2019il peut y avoir des diff\u00e9rences pour des membres, par exemple en raison du plafonnement ou de la date d\u2019entr\u00e9e en vigueur des avantages sociaux. Pour des questions sp\u00e9cifiques \u00e0 un participant, communiquez avec les Services d\u2019assurance du RAEO au <span class=\"nowrap\">1-866-783-6847<\/span> pour obtenir des renseignements concernant votre situation pr\u00e9cise.<\/p>\n<p><strong>Remarque<\/strong> : Ces FAQ seront mises \u00e0 jour r\u00e9guli\u00e8rement.<\/p>\n<ul>\n<li><a href=\".\/#glossary\">Glossaire des termes<\/a><\/li>\n<li><a href=\"#about\">Votre r\u00e9gime d\u2019avantages sociaux<\/a><\/li>\n<li><a href=\"#coverage\">Protection du r\u00e9gime<\/a><\/li>\n<li><a href=\"#submitting\">Soumettre une demande de r\u00e8glement<\/a><\/li>\n<li><a href=\"#eligibility\">Admissibilit\u00e9<\/a><\/li>\n<li><a href=\"#disabled\">Membres handicap\u00e9s : Que devriez-vous savoir?<\/a><\/li>\n<li><a href=\"#status\">Changement de situation<\/a><\/li>\n<li><a href=\"#summer\">Mois d\u2019\u00e9t\u00e9<\/a><\/li>\n<li><a href=\"#lay-offs\">Mises \u00e0 pied<\/a><\/li>\n<li><a href=\"#coordination\">Coordination des prestations<\/a><\/li>\n<li><a href=\"#reference\">\u00c0 titre de renseignement<\/a><\/li>\n<li><a href=\"#question\">Toujours \u00e0 la recherche d\u2019une r\u00e9ponse?<\/a><\/li>\n<li><a href=\"#politique\">Concernant la Politique de Financement<\/a><\/li>\n<\/ul>\n","protected":false},"excerpt":{"rendered":"<p>La Foire aux questions (FAQ) ci-apr\u00e8s s\u2019inspire des directives g\u00e9n\u00e9rales du r\u00e9gime d\u2019OSSTF Benefits. Rappelez-vous qu\u2019il peut y avoir des diff\u00e9rences pour des membres, par exemple en raison du plafonnement ou de la date d\u2019entr\u00e9e en vigueur des avantages sociaux. Pour des questions sp\u00e9cifiques \u00e0 un participant, communiquez avec les Services d\u2019assurance du RAEO au [&hellip;]<\/p>\n<p><a class=\"read-more\" href=\"https:\/\/www.osstfbenefits.ca\/fr\/faq\/\" title=\"FAQ\" aria-label=\"FAQ\">En lire plus<span aria-hidden=\"true\"> &gt;<\/span><\/a><\/p>\n","protected":false},"author":1,"featured_media":2417,"parent":0,"menu_order":0,"comment_status":"closed","ping_status":"closed","template":"","meta":{"_acf_changed":false,"_relevanssi_hide_post":"","_relevanssi_hide_content":"","_relevanssi_pin_for_all":"","_relevanssi_pin_keywords":"","_relevanssi_unpin_keywords":"","_relevanssi_related_keywords":"","_relevanssi_related_include_ids":"","_relevanssi_related_exclude_ids":"","_relevanssi_related_no_append":"","_relevanssi_related_not_related":"","_relevanssi_related_posts":"","_relevanssi_noindex_reason":"","footnotes":""},"class_list":["post-2416","page","type-page","status-publish","has-post-thumbnail","hentry"],"acf":[],"yoast_head":"<!-- This site is optimized with the Yoast SEO plugin v27.2 - https:\/\/yoast.com\/product\/yoast-seo-wordpress\/ -->\n<title>FAQ - OSSTF Benefits<\/title>\n<meta name=\"robots\" content=\"index, follow, max-snippet:-1, max-image-preview:large, max-video-preview:-1\" \/>\n<link rel=\"canonical\" href=\"https:\/\/www.osstfbenefits.ca\/fr\/faq\/\" \/>\n<meta property=\"og:locale\" content=\"fr_FR\" \/>\n<meta property=\"og:type\" content=\"article\" \/>\n<meta property=\"og:title\" content=\"FAQ - OSSTF Benefits\" \/>\n<meta property=\"og:description\" content=\"La Foire aux questions (FAQ) ci-apr\u00e8s s\u2019inspire des directives g\u00e9n\u00e9rales du r\u00e9gime d\u2019OSSTF Benefits. Rappelez-vous qu\u2019il peut y avoir des diff\u00e9rences pour des membres, par exemple en raison du plafonnement ou de la date d\u2019entr\u00e9e en vigueur des avantages sociaux. Pour des questions sp\u00e9cifiques \u00e0 un participant, communiquez avec les Services d\u2019assurance du RAEO au [&hellip;]En lire plus &gt;\" \/>\n<meta property=\"og:url\" content=\"https:\/\/www.osstfbenefits.ca\/fr\/faq\/\" \/>\n<meta property=\"og:site_name\" content=\"OSSTF Benefits\" \/>\n<meta property=\"article:modified_time\" content=\"2026-01-27T16:34:15+00:00\" \/>\n<meta property=\"og:image\" content=\"https:\/\/www.osstfbenefits.ca\/wp-content\/uploads\/2018\/09\/hero-faqs.jpg\" \/>\n\t<meta property=\"og:image:width\" content=\"1400\" \/>\n\t<meta property=\"og:image:height\" content=\"520\" \/>\n\t<meta property=\"og:image:type\" content=\"image\/jpeg\" \/>\n<meta name=\"twitter:card\" content=\"summary_large_image\" \/>\n<meta name=\"twitter:label1\" content=\"Dur\u00e9e de lecture estim\u00e9e\" \/>\n\t<meta name=\"twitter:data1\" content=\"1 minute\" \/>\n<script type=\"application\/ld+json\" class=\"yoast-schema-graph\">{\"@context\":\"https:\/\/schema.org\",\"@graph\":[{\"@type\":\"WebPage\",\"@id\":\"https:\/\/www.osstfbenefits.ca\/fr\/faq\/\",\"url\":\"https:\/\/www.osstfbenefits.ca\/fr\/faq\/\",\"name\":\"FAQ - OSSTF Benefits\",\"isPartOf\":{\"@id\":\"https:\/\/www.osstfbenefits.ca\/fr\/#website\"},\"primaryImageOfPage\":{\"@id\":\"https:\/\/www.osstfbenefits.ca\/fr\/faq\/#primaryimage\"},\"image\":{\"@id\":\"https:\/\/www.osstfbenefits.ca\/fr\/faq\/#primaryimage\"},\"thumbnailUrl\":\"https:\/\/www.osstfbenefits.ca\/wp-content\/uploads\/2018\/09\/hero-faqs.jpg\",\"datePublished\":\"2024-05-01T19:48:09+00:00\",\"dateModified\":\"2026-01-27T16:34:15+00:00\",\"breadcrumb\":{\"@id\":\"https:\/\/www.osstfbenefits.ca\/fr\/faq\/#breadcrumb\"},\"inLanguage\":\"fr-FR\",\"potentialAction\":[{\"@type\":\"ReadAction\",\"target\":[\"https:\/\/www.osstfbenefits.ca\/fr\/faq\/\"]}]},{\"@type\":\"ImageObject\",\"inLanguage\":\"fr-FR\",\"@id\":\"https:\/\/www.osstfbenefits.ca\/fr\/faq\/#primaryimage\",\"url\":\"https:\/\/www.osstfbenefits.ca\/wp-content\/uploads\/2018\/09\/hero-faqs.jpg\",\"contentUrl\":\"https:\/\/www.osstfbenefits.ca\/wp-content\/uploads\/2018\/09\/hero-faqs.jpg\",\"width\":1400,\"height\":520},{\"@type\":\"BreadcrumbList\",\"@id\":\"https:\/\/www.osstfbenefits.ca\/fr\/faq\/#breadcrumb\",\"itemListElement\":[{\"@type\":\"ListItem\",\"position\":1,\"name\":\"Home\",\"item\":\"https:\/\/www.osstfbenefits.ca\/fr\/\"},{\"@type\":\"ListItem\",\"position\":2,\"name\":\"FAQ\"}]},{\"@type\":\"WebSite\",\"@id\":\"https:\/\/www.osstfbenefits.ca\/fr\/#website\",\"url\":\"https:\/\/www.osstfbenefits.ca\/fr\/\",\"name\":\"OSSTF Benefits\",\"description\":\"F\u00e9d\u00e9ration des enseignantes-enseignants des \u00e9coles secondaires de l&#039;Ontario benefits\",\"potentialAction\":[{\"@type\":\"SearchAction\",\"target\":{\"@type\":\"EntryPoint\",\"urlTemplate\":\"https:\/\/www.osstfbenefits.ca\/fr\/?s={search_term_string}\"},\"query-input\":{\"@type\":\"PropertyValueSpecification\",\"valueRequired\":true,\"valueName\":\"search_term_string\"}}],\"inLanguage\":\"fr-FR\"}]}<\/script>\n<!-- \/ Yoast SEO plugin. -->","yoast_head_json":{"title":"FAQ - OSSTF Benefits","robots":{"index":"index","follow":"follow","max-snippet":"max-snippet:-1","max-image-preview":"max-image-preview:large","max-video-preview":"max-video-preview:-1"},"canonical":"https:\/\/www.osstfbenefits.ca\/fr\/faq\/","og_locale":"fr_FR","og_type":"article","og_title":"FAQ - OSSTF Benefits","og_description":"La Foire aux questions (FAQ) ci-apr\u00e8s s\u2019inspire des directives g\u00e9n\u00e9rales du r\u00e9gime d\u2019OSSTF Benefits. Rappelez-vous qu\u2019il peut y avoir des diff\u00e9rences pour des membres, par exemple en raison du plafonnement ou de la date d\u2019entr\u00e9e en vigueur des avantages sociaux. Pour des questions sp\u00e9cifiques \u00e0 un participant, communiquez avec les Services d\u2019assurance du RAEO au [&hellip;]En lire plus &gt;","og_url":"https:\/\/www.osstfbenefits.ca\/fr\/faq\/","og_site_name":"OSSTF Benefits","article_modified_time":"2026-01-27T16:34:15+00:00","og_image":[{"width":1400,"height":520,"url":"https:\/\/www.osstfbenefits.ca\/wp-content\/uploads\/2018\/09\/hero-faqs.jpg","type":"image\/jpeg"}],"twitter_card":"summary_large_image","twitter_misc":{"Dur\u00e9e de lecture estim\u00e9e":"1 minute"},"schema":{"@context":"https:\/\/schema.org","@graph":[{"@type":"WebPage","@id":"https:\/\/www.osstfbenefits.ca\/fr\/faq\/","url":"https:\/\/www.osstfbenefits.ca\/fr\/faq\/","name":"FAQ - OSSTF Benefits","isPartOf":{"@id":"https:\/\/www.osstfbenefits.ca\/fr\/#website"},"primaryImageOfPage":{"@id":"https:\/\/www.osstfbenefits.ca\/fr\/faq\/#primaryimage"},"image":{"@id":"https:\/\/www.osstfbenefits.ca\/fr\/faq\/#primaryimage"},"thumbnailUrl":"https:\/\/www.osstfbenefits.ca\/wp-content\/uploads\/2018\/09\/hero-faqs.jpg","datePublished":"2024-05-01T19:48:09+00:00","dateModified":"2026-01-27T16:34:15+00:00","breadcrumb":{"@id":"https:\/\/www.osstfbenefits.ca\/fr\/faq\/#breadcrumb"},"inLanguage":"fr-FR","potentialAction":[{"@type":"ReadAction","target":["https:\/\/www.osstfbenefits.ca\/fr\/faq\/"]}]},{"@type":"ImageObject","inLanguage":"fr-FR","@id":"https:\/\/www.osstfbenefits.ca\/fr\/faq\/#primaryimage","url":"https:\/\/www.osstfbenefits.ca\/wp-content\/uploads\/2018\/09\/hero-faqs.jpg","contentUrl":"https:\/\/www.osstfbenefits.ca\/wp-content\/uploads\/2018\/09\/hero-faqs.jpg","width":1400,"height":520},{"@type":"BreadcrumbList","@id":"https:\/\/www.osstfbenefits.ca\/fr\/faq\/#breadcrumb","itemListElement":[{"@type":"ListItem","position":1,"name":"Home","item":"https:\/\/www.osstfbenefits.ca\/fr\/"},{"@type":"ListItem","position":2,"name":"FAQ"}]},{"@type":"WebSite","@id":"https:\/\/www.osstfbenefits.ca\/fr\/#website","url":"https:\/\/www.osstfbenefits.ca\/fr\/","name":"OSSTF Benefits","description":"F\u00e9d\u00e9ration des enseignantes-enseignants des \u00e9coles secondaires de l&#039;Ontario benefits","potentialAction":[{"@type":"SearchAction","target":{"@type":"EntryPoint","urlTemplate":"https:\/\/www.osstfbenefits.ca\/fr\/?s={search_term_string}"},"query-input":{"@type":"PropertyValueSpecification","valueRequired":true,"valueName":"search_term_string"}}],"inLanguage":"fr-FR"}]}},"_links":{"self":[{"href":"https:\/\/www.osstfbenefits.ca\/fr\/wp-json\/wp\/v2\/pages\/2416","targetHints":{"allow":["GET"]}}],"collection":[{"href":"https:\/\/www.osstfbenefits.ca\/fr\/wp-json\/wp\/v2\/pages"}],"about":[{"href":"https:\/\/www.osstfbenefits.ca\/fr\/wp-json\/wp\/v2\/types\/page"}],"author":[{"embeddable":true,"href":"https:\/\/www.osstfbenefits.ca\/fr\/wp-json\/wp\/v2\/users\/1"}],"replies":[{"embeddable":true,"href":"https:\/\/www.osstfbenefits.ca\/fr\/wp-json\/wp\/v2\/comments?post=2416"}],"version-history":[{"count":50,"href":"https:\/\/www.osstfbenefits.ca\/fr\/wp-json\/wp\/v2\/pages\/2416\/revisions"}],"predecessor-version":[{"id":3099,"href":"https:\/\/www.osstfbenefits.ca\/fr\/wp-json\/wp\/v2\/pages\/2416\/revisions\/3099"}],"wp:featuredmedia":[{"embeddable":true,"href":"https:\/\/www.osstfbenefits.ca\/fr\/wp-json\/wp\/v2\/media\/2417"}],"wp:attachment":[{"href":"https:\/\/www.osstfbenefits.ca\/fr\/wp-json\/wp\/v2\/media?parent=2416"}],"curies":[{"name":"wp","href":"https:\/\/api.w.org\/{rel}","templated":true}]}}