{"id":1492,"date":"2020-12-03T15:54:38","date_gmt":"2020-12-03T20:54:38","guid":{"rendered":"https:\/\/osstfbenefits.ca\/?page_id=1492"},"modified":"2026-04-14T10:05:59","modified_gmt":"2026-04-14T14:05:59","slug":"cout-total-de-la-prime-davantages-sociaux-dosstf-benefits-pour-le-personnel-enseignant","status":"publish","type":"page","link":"https:\/\/www.osstfbenefits.ca\/fr\/cout-total-de-la-prime-davantages-sociaux-dosstf-benefits-pour-le-personnel-enseignant\/","title":{"rendered":"Co\u00fbt total de la prime d\u2019avantages sociaux d\u2019OSSTF Benefits pour le personnel enseignant"},"content":{"rendered":"<p>Pour les membres du personnel enseignant admissibles qui choisissent de continuer \u00e0 participer au r\u00e9gime d\u2019OSSTF Benefits (c.-\u00e0-d., maintenir la totalit\u00e9 ou une partie des prestations dont ils b\u00e9n\u00e9ficiaient lorsqu\u2019ils \u00e9taient actifs) \u00e0 un moment o\u00f9 ils sont responsables de toute la prime (p. ex., cong\u00e9 personnel, cong\u00e9 de maladie non r\u00e9mun\u00e9r\u00e9, mise \u00e0 pied, etc.), les co\u00fbts mensuels de la prime suivants s\u2019appliquent.<\/p>\n<ol>\n<li>Vie et pour d\u00e9c\u00e8s et mutilation accidentels (deux fois le salaire annuel) \u2013 0,122 $ par 1 000 $ par mois (TVD incluse \u2013 taxe de vente au d\u00e9tail)<br \/>\nExemple \u2013 Salaire annuel, 50,000 $ = Vie de base et DMA de 100 000 $, ce qui donne une prime mensuelle de 12,20 $.<\/li>\n<li>Vie facultative (membre, conjoint ou enfant \u00e0 charge) \u2013 Le co\u00fbt mensuel de ces prestations sera le m\u00eame que celui que le membre paie lorsqu\u2019il est actif.<\/li>\n<li>Prestations d\u2019assurance maladie compl\u00e9mentaire \u2013 Co\u00fbt mensuel incluant la TVD\n<ul>\n<li>Protection individuelle 126,87 $<\/li>\n<li>Protection familiale 317,17 $<\/li>\n<\/ul>\n<\/li>\n<li>Prestations dentaires \u2013 Co\u00fbt mensuel incluant la TVD\n<ul>\n<li>Protection individuelle 66,78 $<\/li>\n<li>Protection familiale 166,94 $<\/li>\n<\/ul>\n<\/li>\n<\/ol>\n<p><strong>Note :<\/strong> Ces taux peuvent \u00eatre modifi\u00e9s \u00e0 tout moment. Ils changent le plus souvent au moment du renouvellement, qui est pr\u00e9vu chaque ann\u00e9e le 1<sup>er<\/sup> septembre.<\/p>\n<p>Nous encourageons les membres \u00e0 communiquer avec les Services d\u2019assurance du RAEO au 1-866-783-6847.<\/p>\n","protected":false},"excerpt":{"rendered":"<p>Pour les membres du personnel enseignant admissibles qui choisissent de continuer \u00e0 participer au r\u00e9gime d\u2019OSSTF Benefits (c.-\u00e0-d., maintenir la totalit\u00e9 ou une partie des prestations dont ils b\u00e9n\u00e9ficiaient lorsqu\u2019ils \u00e9taient actifs) \u00e0 un moment o\u00f9 ils sont responsables de toute la prime (p. ex., cong\u00e9 personnel, cong\u00e9 de maladie non r\u00e9mun\u00e9r\u00e9, mise \u00e0 pied, [&hellip;]<\/p>\n<p><a class=\"read-more\" href=\"https:\/\/www.osstfbenefits.ca\/fr\/cout-total-de-la-prime-davantages-sociaux-dosstf-benefits-pour-le-personnel-enseignant\/\" title=\"Co\u00fbt total de la prime d\u2019avantages sociaux d\u2019OSSTF Benefits pour le personnel enseignant\" aria-label=\"Co\u00fbt total de la prime d\u2019avantages sociaux d\u2019OSSTF Benefits pour le personnel enseignant\">En lire plus<span aria-hidden=\"true\"> &gt;<\/span><\/a><\/p>\n","protected":false},"author":1,"featured_media":0,"parent":0,"menu_order":0,"comment_status":"closed","ping_status":"closed","template":"","meta":{"_acf_changed":false,"_relevanssi_hide_post":"","_relevanssi_hide_content":"","_relevanssi_pin_for_all":"","_relevanssi_pin_keywords":"","_relevanssi_unpin_keywords":"","_relevanssi_related_keywords":"","_relevanssi_related_include_ids":"","_relevanssi_related_exclude_ids":"","_relevanssi_related_no_append":"","_relevanssi_related_not_related":"","_relevanssi_related_posts":"","_relevanssi_noindex_reason":"","footnotes":""},"class_list":["post-1492","page","type-page","status-publish","hentry"],"acf":[],"yoast_head":"<!-- This site is optimized with the Yoast SEO plugin v27.2 - https:\/\/yoast.com\/product\/yoast-seo-wordpress\/ -->\n<title>Co\u00fbt total de la prime d\u2019avantages sociaux d\u2019OSSTF Benefits pour le personnel enseignant - OSSTF Benefits<\/title>\n<meta name=\"robots\" content=\"index, follow, max-snippet:-1, max-image-preview:large, max-video-preview:-1\" \/>\n<link rel=\"canonical\" href=\"https:\/\/www.osstfbenefits.ca\/fr\/cout-total-de-la-prime-davantages-sociaux-dosstf-benefits-pour-le-personnel-enseignant\/\" \/>\n<meta property=\"og:locale\" content=\"fr_FR\" \/>\n<meta property=\"og:type\" content=\"article\" \/>\n<meta property=\"og:title\" content=\"Co\u00fbt total de la prime d\u2019avantages sociaux d\u2019OSSTF Benefits pour le personnel enseignant - OSSTF Benefits\" \/>\n<meta property=\"og:description\" content=\"Pour les membres du personnel enseignant admissibles qui choisissent de continuer \u00e0 participer au r\u00e9gime d\u2019OSSTF Benefits (c.-\u00e0-d., maintenir la totalit\u00e9 ou une partie des prestations dont ils b\u00e9n\u00e9ficiaient lorsqu\u2019ils \u00e9taient actifs) \u00e0 un moment o\u00f9 ils sont responsables de toute la prime (p. ex., cong\u00e9 personnel, cong\u00e9 de maladie non r\u00e9mun\u00e9r\u00e9, mise \u00e0 pied, [&hellip;]En lire plus &gt;\" \/>\n<meta property=\"og:url\" content=\"https:\/\/www.osstfbenefits.ca\/fr\/cout-total-de-la-prime-davantages-sociaux-dosstf-benefits-pour-le-personnel-enseignant\/\" \/>\n<meta property=\"og:site_name\" content=\"OSSTF Benefits\" \/>\n<meta property=\"article:modified_time\" content=\"2026-04-14T14:05:59+00:00\" \/>\n<meta name=\"twitter:card\" content=\"summary_large_image\" \/>\n<meta name=\"twitter:label1\" content=\"Dur\u00e9e de lecture estim\u00e9e\" \/>\n\t<meta name=\"twitter:data1\" content=\"1 minute\" \/>\n<script type=\"application\/ld+json\" class=\"yoast-schema-graph\">{\"@context\":\"https:\/\/schema.org\",\"@graph\":[{\"@type\":\"WebPage\",\"@id\":\"https:\/\/www.osstfbenefits.ca\/fr\/cout-total-de-la-prime-davantages-sociaux-dosstf-benefits-pour-le-personnel-enseignant\/\",\"url\":\"https:\/\/www.osstfbenefits.ca\/fr\/cout-total-de-la-prime-davantages-sociaux-dosstf-benefits-pour-le-personnel-enseignant\/\",\"name\":\"Co\u00fbt total de la prime d\u2019avantages sociaux d\u2019OSSTF Benefits pour le personnel enseignant - OSSTF Benefits\",\"isPartOf\":{\"@id\":\"https:\/\/www.osstfbenefits.ca\/fr\/#website\"},\"datePublished\":\"2020-12-03T20:54:38+00:00\",\"dateModified\":\"2026-04-14T14:05:59+00:00\",\"breadcrumb\":{\"@id\":\"https:\/\/www.osstfbenefits.ca\/fr\/cout-total-de-la-prime-davantages-sociaux-dosstf-benefits-pour-le-personnel-enseignant\/#breadcrumb\"},\"inLanguage\":\"fr-FR\",\"potentialAction\":[{\"@type\":\"ReadAction\",\"target\":[\"https:\/\/www.osstfbenefits.ca\/fr\/cout-total-de-la-prime-davantages-sociaux-dosstf-benefits-pour-le-personnel-enseignant\/\"]}]},{\"@type\":\"BreadcrumbList\",\"@id\":\"https:\/\/www.osstfbenefits.ca\/fr\/cout-total-de-la-prime-davantages-sociaux-dosstf-benefits-pour-le-personnel-enseignant\/#breadcrumb\",\"itemListElement\":[{\"@type\":\"ListItem\",\"position\":1,\"name\":\"Home\",\"item\":\"https:\/\/www.osstfbenefits.ca\/fr\/\"},{\"@type\":\"ListItem\",\"position\":2,\"name\":\"Co\u00fbt total de la prime d\u2019avantages sociaux d\u2019OSSTF Benefits pour le personnel enseignant\"}]},{\"@type\":\"WebSite\",\"@id\":\"https:\/\/www.osstfbenefits.ca\/fr\/#website\",\"url\":\"https:\/\/www.osstfbenefits.ca\/fr\/\",\"name\":\"OSSTF Benefits\",\"description\":\"F\u00e9d\u00e9ration des enseignantes-enseignants des \u00e9coles secondaires de l&#039;Ontario benefits\",\"potentialAction\":[{\"@type\":\"SearchAction\",\"target\":{\"@type\":\"EntryPoint\",\"urlTemplate\":\"https:\/\/www.osstfbenefits.ca\/fr\/?s={search_term_string}\"},\"query-input\":{\"@type\":\"PropertyValueSpecification\",\"valueRequired\":true,\"valueName\":\"search_term_string\"}}],\"inLanguage\":\"fr-FR\"}]}<\/script>\n<!-- \/ Yoast SEO plugin. -->","yoast_head_json":{"title":"Co\u00fbt total de la prime d\u2019avantages sociaux d\u2019OSSTF Benefits pour le personnel enseignant - OSSTF Benefits","robots":{"index":"index","follow":"follow","max-snippet":"max-snippet:-1","max-image-preview":"max-image-preview:large","max-video-preview":"max-video-preview:-1"},"canonical":"https:\/\/www.osstfbenefits.ca\/fr\/cout-total-de-la-prime-davantages-sociaux-dosstf-benefits-pour-le-personnel-enseignant\/","og_locale":"fr_FR","og_type":"article","og_title":"Co\u00fbt total de la prime d\u2019avantages sociaux d\u2019OSSTF Benefits pour le personnel enseignant - OSSTF Benefits","og_description":"Pour les membres du personnel enseignant admissibles qui choisissent de continuer \u00e0 participer au r\u00e9gime d\u2019OSSTF Benefits (c.-\u00e0-d., maintenir la totalit\u00e9 ou une partie des prestations dont ils b\u00e9n\u00e9ficiaient lorsqu\u2019ils \u00e9taient actifs) \u00e0 un moment o\u00f9 ils sont responsables de toute la prime (p. ex., cong\u00e9 personnel, cong\u00e9 de maladie non r\u00e9mun\u00e9r\u00e9, mise \u00e0 pied, [&hellip;]En lire plus &gt;","og_url":"https:\/\/www.osstfbenefits.ca\/fr\/cout-total-de-la-prime-davantages-sociaux-dosstf-benefits-pour-le-personnel-enseignant\/","og_site_name":"OSSTF Benefits","article_modified_time":"2026-04-14T14:05:59+00:00","twitter_card":"summary_large_image","twitter_misc":{"Dur\u00e9e de lecture estim\u00e9e":"1 minute"},"schema":{"@context":"https:\/\/schema.org","@graph":[{"@type":"WebPage","@id":"https:\/\/www.osstfbenefits.ca\/fr\/cout-total-de-la-prime-davantages-sociaux-dosstf-benefits-pour-le-personnel-enseignant\/","url":"https:\/\/www.osstfbenefits.ca\/fr\/cout-total-de-la-prime-davantages-sociaux-dosstf-benefits-pour-le-personnel-enseignant\/","name":"Co\u00fbt total de la prime d\u2019avantages sociaux d\u2019OSSTF Benefits pour le personnel enseignant - OSSTF Benefits","isPartOf":{"@id":"https:\/\/www.osstfbenefits.ca\/fr\/#website"},"datePublished":"2020-12-03T20:54:38+00:00","dateModified":"2026-04-14T14:05:59+00:00","breadcrumb":{"@id":"https:\/\/www.osstfbenefits.ca\/fr\/cout-total-de-la-prime-davantages-sociaux-dosstf-benefits-pour-le-personnel-enseignant\/#breadcrumb"},"inLanguage":"fr-FR","potentialAction":[{"@type":"ReadAction","target":["https:\/\/www.osstfbenefits.ca\/fr\/cout-total-de-la-prime-davantages-sociaux-dosstf-benefits-pour-le-personnel-enseignant\/"]}]},{"@type":"BreadcrumbList","@id":"https:\/\/www.osstfbenefits.ca\/fr\/cout-total-de-la-prime-davantages-sociaux-dosstf-benefits-pour-le-personnel-enseignant\/#breadcrumb","itemListElement":[{"@type":"ListItem","position":1,"name":"Home","item":"https:\/\/www.osstfbenefits.ca\/fr\/"},{"@type":"ListItem","position":2,"name":"Co\u00fbt total de la prime d\u2019avantages sociaux d\u2019OSSTF Benefits pour le personnel enseignant"}]},{"@type":"WebSite","@id":"https:\/\/www.osstfbenefits.ca\/fr\/#website","url":"https:\/\/www.osstfbenefits.ca\/fr\/","name":"OSSTF Benefits","description":"F\u00e9d\u00e9ration des enseignantes-enseignants des \u00e9coles secondaires de l&#039;Ontario benefits","potentialAction":[{"@type":"SearchAction","target":{"@type":"EntryPoint","urlTemplate":"https:\/\/www.osstfbenefits.ca\/fr\/?s={search_term_string}"},"query-input":{"@type":"PropertyValueSpecification","valueRequired":true,"valueName":"search_term_string"}}],"inLanguage":"fr-FR"}]}},"_links":{"self":[{"href":"https:\/\/www.osstfbenefits.ca\/fr\/wp-json\/wp\/v2\/pages\/1492","targetHints":{"allow":["GET"]}}],"collection":[{"href":"https:\/\/www.osstfbenefits.ca\/fr\/wp-json\/wp\/v2\/pages"}],"about":[{"href":"https:\/\/www.osstfbenefits.ca\/fr\/wp-json\/wp\/v2\/types\/page"}],"author":[{"embeddable":true,"href":"https:\/\/www.osstfbenefits.ca\/fr\/wp-json\/wp\/v2\/users\/1"}],"replies":[{"embeddable":true,"href":"https:\/\/www.osstfbenefits.ca\/fr\/wp-json\/wp\/v2\/comments?post=1492"}],"version-history":[{"count":7,"href":"https:\/\/www.osstfbenefits.ca\/fr\/wp-json\/wp\/v2\/pages\/1492\/revisions"}],"predecessor-version":[{"id":3155,"href":"https:\/\/www.osstfbenefits.ca\/fr\/wp-json\/wp\/v2\/pages\/1492\/revisions\/3155"}],"wp:attachment":[{"href":"https:\/\/www.osstfbenefits.ca\/fr\/wp-json\/wp\/v2\/media?parent=1492"}],"curies":[{"name":"wp","href":"https:\/\/api.w.org\/{rel}","templated":true}]}}